{"id":190,"date":"2016-05-12T17:39:20","date_gmt":"2016-05-12T15:39:20","guid":{"rendered":"http:\/\/solidarite67.noblogs.org\/?page_id=190"},"modified":"2017-01-23T09:51:14","modified_gmt":"2017-01-23T08:51:14","slug":"bilan-des-interpellations","status":"publish","type":"page","link":"https:\/\/solidarite67.noblogs.org\/?page_id=190","title":{"rendered":"Bilan des interpellations"},"content":{"rendered":"<p style=\"text-align: center\"><strong>Manifestation du 31 mars<br \/>\n<\/strong><\/p>\n<ul>\n<li style=\"text-align: justify\">A. B. convoqu\u00e9 suite \u00e0 la manifestation, passera en proc\u00e8s le 14 juin \u00e0 8h30 pour \u00ab\u00a0violence\u00a0\u00bb. Le proc\u00e8s a \u00e9t\u00e9 report\u00e9 \u00e0 une date ult\u00e9rieure suite \u00e0 une nullit\u00e9 d\u00fbe \u00e0 la qualification des faits sur laquelle le parquet doit se prononcer.<br \/>\nMAJ :<em> Proc\u00e8s renvoy\u00e9 au 7 avril avec la qualification de \u00ab\u00a0violence sur personne charg\u00e9e de mission de service public dans l&rsquo;exercice de ses fonctions\u00a0\u00bb.<\/em><\/li>\n<\/ul>\n<p style=\"text-align: center\" align=\"justify\"><strong>Manifestation du 5 avril<br \/>\n<\/strong><\/p>\n<ul>\n<li>\n<p align=\"justify\">G., arr\u00eat\u00e9 le soir \u00e0 R\u00e9publique, passe en CI et <em>\u00e9cope de 6 mois de sursis et d\u2019une amende de 900 euros.<\/em><\/p>\n<\/li>\n<li>\n<p align=\"justify\">S. D., arr\u00eat\u00e9 le soir \u00e0 R\u00e9publique, refuse la CI. Il est convoqu\u00e9 au TGI le 17 mai \u00e0 9h30 pour \u00ab\u00a0violence\u00a0\u00bb, \u00ab\u00a0outrage\u00a0\u00bb, \u00ab\u00a0r\u00e9bellion\u00a0\u00bb. Sans avoir \u00e9t\u00e9 pr\u00e9sent \u00e0 l&rsquo;audience, <em>il \u00e9cope de 8 mois fermes<\/em>.<\/p>\n<\/li>\n<li>\n<p align=\"justify\">\u00ab\u00a0Ozbiwan\u00a0\u00bb, arr\u00eat\u00e9 lors de la manifestation. Pas plus d\u2019informations mais n\u2019est pas enferm\u00e9.<\/p>\n<\/li>\n<li>\n<p align=\"justify\">G., arr\u00eat\u00e9 le soir \u00e0 R\u00e9publique. Convocation au TGI. Pas plus d\u2019informations mais n\u2019est pas enferm\u00e9.<\/p>\n<\/li>\n<\/ul>\n<p style=\"text-align: center\" align=\"justify\"><strong>Manifestation du 9 avril<br \/>\n<\/strong><\/p>\n<ul>\n<li>\n<p align=\"justify\">Julian Macias, arr\u00eat\u00e9 \u00e0 la fin de la manifestation \u00e0 Kl\u00e9ber pour des faits du 5 avril, passe en comparution imm\u00e9diate le 11 avril pour \u00ab\u00a0outrages\u00a0\u00bb et \u00ab\u00a0barri\u00e8re jet\u00e9e sur un scooter\u00a0\u00bb et<em> \u00e9cope de 4 mois fermes (r\u00e9vocation d\u2019un sursis de 2 mois), mise \u00e0 l\u2019\u00e9preuve sur deux ans et 700 euros d\u2019amende<\/em>.<br \/>\nMAJ : 11 mois fermes de plus pour des faits ant\u00e9rieurs aux manifestations.<\/p>\n<\/li>\n<li>\n<p align=\"justify\">P. M., arr\u00eat\u00e9e \u00e0 la fin de la manifestation \u00e0 Kl\u00e9ber. Elle est convoqu\u00e9e au TGI le 20 juin \u00e0 9h30 pour \u00ab\u00a0d\u00e9gradation d\u2019un monument historique\u00a0\u00bb, \u00ab\u00a0r\u00e9bellion\u00a0\u00bb et \u00ab\u00a0refus de signal\u00e9tique\u00a0\u00bb. <em>Elle \u00e9cope de 3 mois avec sursis<\/em> <em>et de 500 euros d&rsquo;amende pour les propri\u00e9taires du monument<\/em>.<br \/>\nMAJ : les flics ont fait appel pour r\u00e9clamer des dommages et int\u00e9r\u00eats.<br \/>\nMAJ 2 : Le 17 novembre, apr\u00e8s avoir \u00e9t\u00e9 convoqu\u00e9e pour donner son ADN suite \u00e0 la condamnation ci-dessus, elle a refus\u00e9 de donner ce dernier et est plac\u00e9e sous contr\u00f4le judiciaire en attendant le jugement. <em>Condamn\u00e9e, en CI (qui avait \u00e9t\u00e9 repouss\u00e9e), \u00e0 700 euros d&rsquo;amende (70 jours-amende de 10 euros).<\/em><\/p>\n<\/li>\n<li>\n<p align=\"justify\">O. G., arr\u00eat\u00e9 \u00e0 la fin de la manifestation \u00e0 Kl\u00e9ber. Il est convoqu\u00e9 au TGI le 20 juin \u00e0 9h30 pour \u00ab\u00a0violence\u00a0\u00bb, \u00ab\u00a0r\u00e9bellion\u00a0\u00bb et \u00ab\u00a0refus de signal\u00e9tique\u00a0\u00bb. <em>Il \u00e9cope de 5 mois avec sursis et 600 euros d&rsquo;amende<\/em>.<br \/>\nLe 14 novembre, apr\u00e8s avoir \u00e9t\u00e9 convoqu\u00e9 pour donner son ADN suite \u00e0 la condamnation ci-dessus, il a refus\u00e9 de donner ce dernier et a \u00e9cop\u00e9 en CI de <em>2 mois fermes sans mandat de d\u00e9p\u00f4t<\/em> (il attend maintenant de passer devant le Juge d&rsquo;Application des Peines). Il a fait appel, ce qui est suspensif.<br \/>\nMAJ : d<em>ate d&rsquo;appel connue et fix\u00e9e le 23 mai.<\/em><\/p>\n<\/li>\n<li>\n<p align=\"justify\">Une autre personne arr\u00eat\u00e9e et en attente de proc\u00e8s le 2 juin \u00e0 8h30 : le proc\u00e8s a \u00e9t\u00e9 report\u00e9 au 15 septembre 2016 de par l&rsquo;ajout d&rsquo;un chef d&rsquo;inculpation. Cette personne a \u00e9galement re\u00e7u, le 12 juin, une interdiction de manifester \u00e0 Paris le 14 juin. Les deux flics, constitu\u00e9s parties civiles suite \u00e0 leur plainte pour \u00ab\u00a0violences\u00a0\u00bb, demandent chacun 450 \u20ac de dommages et int\u00e9r\u00eats et 350 \u20ac pour les frais de proc\u00e9dure. D\u00e9lib\u00e9r\u00e9 le 10 novembre.<br \/>\n<em> Condamnation \u00e0 un mois de sursis et environ 800 euros de divers frais de justice. <\/em>Elle a fait appel.<em><br \/>\n<\/em><\/p>\n<\/li>\n<li style=\"text-align: justify\"><a href=\"https:\/\/solidarite67.noblogs.org\/?p=361\">Burak Sayim<\/a>, membre du NPA, arr\u00eat\u00e9 en juin pour r\u00e9bellion et en attente de proc\u00e8s le 6 septembre.<em> Il \u00e9cope d&rsquo;un mois avec sursis et 400 euros d&rsquo;amende<\/em>.<\/li>\n<\/ul>\n<p style=\"text-align: center\" align=\"justify\"><strong>Evacuation du campement de Nuit Debout \u00e0 R\u00e9publique le 4 mai<br \/>\n<\/strong><\/p>\n<ul>\n<li>\n<p align=\"justify\">JC B., arr\u00eat\u00e9 \u00e0 R\u00e9publique, passera en comparution apr\u00e8s reconnaissance pr\u00e9alable de culpabilit\u00e9 le 20 juin \u00e0 8h30 pour \u00ab\u00a0outrage\u00a0\u00bb, \u00ab\u00a0port d\u2019arme de cat\u00e9gorie D \u00bb et \u00ab\u00a0r\u00e9bellion\u00a0\u00bb. Comparution report\u00e9e au 26 juin \u00e0 8h30, son avocat \u00e9tant absent. <em>Il \u00e9cope de 105 heures de TIG (sinon c&rsquo;est deux mois fermes) et de 550 euros d&rsquo;amende.<\/em><br \/>\nMAJ : <em>en janvier 2017, il re\u00e7oit une nouvelle plainte d&rsquo;un flic pour \u00ab\u00a0violences\u00a0\u00bb et repasse en proc\u00e8s le 2 f\u00e9vrier \u00e0 8h30.<\/em><\/p>\n<\/li>\n<li>\n<p align=\"justify\">T., son camping-car a \u00e9t\u00e9 embarqu\u00e9 \u00e0 la fourri\u00e8re et il a du payer 130 euros pour le r\u00e9cup\u00e9rer. Serait convoqu\u00e9 au TGI. Pas plus d\u2019informations.<\/p>\n<\/li>\n<\/ul>\n<p style=\"text-align: center\" align=\"justify\"><strong>Manifestation spontan\u00e9e du 10 mai<br \/>\n<\/strong><\/p>\n<ul>\n<li>Une personne arr\u00eat\u00e9e \u00e0 la fin de la manifestation, pas de suite.<\/li>\n<\/ul>\n<p style=\"text-align: center\"><strong>Manifestation du 19 mai<\/strong><\/p>\n<ul>\n<li style=\"text-align: justify\">Deux personnes, M.R. et N.W., interpell\u00e9es en fin de manifestation et convocations au TGI le 1er juillet \u00e0 8h30 pour \u00ab\u00a0d\u00e9gradation de biens publics et priv\u00e9s en r\u00e9union avec visage dissimul\u00e9\u00a0\u00bb. <em>Ils \u00e9copent chacun de 3 ans d&rsquo;interdiction de manifester dans le grand est<\/em>.<\/li>\n<\/ul>\n<ul>\n<li>\n<p align=\"justify\">Lucette Hohmann, syndiqu\u00e9e \u00e0 la CGT, convoqu\u00e9e au commissariat suite \u00e0 une action de blocage \u00e9conomique le matin \u00e0 Haguenau. Elle sera finalement, avec 5 autres personnes, convoqu\u00e9e au tribunal.<br \/>\nRenvoi du proc\u00e8s au 17 janvier.<em> D\u00e9lib\u00e9r\u00e9 le 7 mars.<br \/>\n<\/em><\/p>\n<\/li>\n<\/ul>\n","protected":false},"excerpt":{"rendered":"<p>Manifestation du 31 mars A. B. convoqu\u00e9 suite \u00e0 la manifestation, passera en proc\u00e8s le 14 juin \u00e0 8h30 pour \u00ab\u00a0violence\u00a0\u00bb. Le proc\u00e8s a \u00e9t\u00e9 report\u00e9 \u00e0 une date ult\u00e9rieure suite \u00e0 une nullit\u00e9 d\u00fbe \u00e0 la qualification des faits &hellip; <a href=\"https:\/\/solidarite67.noblogs.org\/?page_id=190\">Continuer la lecture <span class=\"meta-nav\">&rarr;<\/span><\/a><\/p>\n","protected":false},"author":10723,"featured_media":0,"parent":0,"menu_order":2,"comment_status":"closed","ping_status":"closed","template":"","meta":{"footnotes":""},"class_list":["post-190","page","type-page","status-publish","hentry"],"_links":{"self":[{"href":"https:\/\/solidarite67.noblogs.org\/index.php?rest_route=\/wp\/v2\/pages\/190","targetHints":{"allow":["GET"]}}],"collection":[{"href":"https:\/\/solidarite67.noblogs.org\/index.php?rest_route=\/wp\/v2\/pages"}],"about":[{"href":"https:\/\/solidarite67.noblogs.org\/index.php?rest_route=\/wp\/v2\/types\/page"}],"author":[{"embeddable":true,"href":"https:\/\/solidarite67.noblogs.org\/index.php?rest_route=\/wp\/v2\/users\/10723"}],"replies":[{"embeddable":true,"href":"https:\/\/solidarite67.noblogs.org\/index.php?rest_route=%2Fwp%2Fv2%2Fcomments&post=190"}],"version-history":[{"count":43,"href":"https:\/\/solidarite67.noblogs.org\/index.php?rest_route=\/wp\/v2\/pages\/190\/revisions"}],"predecessor-version":[{"id":429,"href":"https:\/\/solidarite67.noblogs.org\/index.php?rest_route=\/wp\/v2\/pages\/190\/revisions\/429"}],"wp:attachment":[{"href":"https:\/\/solidarite67.noblogs.org\/index.php?rest_route=%2Fwp%2Fv2%2Fmedia&parent=190"}],"curies":[{"name":"wp","href":"https:\/\/api.w.org\/{rel}","templated":true}]}}