{"id":6,"date":"2016-04-17T15:53:21","date_gmt":"2016-04-17T13:53:21","guid":{"rendered":"http:\/\/solidarite67.noblogs.org\/?page_id=6"},"modified":"2016-07-09T08:08:46","modified_gmt":"2016-07-09T06:08:46","slug":"nous-contacter","status":"publish","type":"page","link":"https:\/\/solidarite67.noblogs.org\/?page_id=6","title":{"rendered":"Contact et Defense Collective"},"content":{"rendered":"<p style=\"text-align: justify\"><strong>Contactez-nous pour nous signaler les cas connus de proc\u00e8s, de frais de justice, etc. retenus contre les personnes dans le cadre du mouvement social contre la Loi Travail.<\/strong><\/p>\n<p style=\"text-align: justify\">Par ailleurs, nous avons toujours besoin de monde et de contacts : que ce soit pour nous rencontrer, pour proposer des mani\u00e8res de fonctionner, pour r\u00e9colter de l&rsquo;argent, pour nous aider \u00e0 faire tourner les caisses, pour faire des dons mat\u00e9riels (livres, v\u00eatements, magazines&#8230;), pour s&rsquo;impliquer ponctuellement ou sur le long terme, pour demander des informations, pour organiser des \u00e9v\u00e8nements de soutien, etc.<\/p>\n<p style=\"text-align: justify\">Bref, n&rsquo;h\u00e9sitez surtout pas \u00e0 nous envoyer un mail \u00e0 l&rsquo;adresse suivante :<\/p>\n<p style=\"text-align: center\"><strong>solidarite67 &#8211; arobase &#8211; riseup.net<\/strong><\/p>\n<p style=\"text-align: justify\">Sur les questions plus sp\u00e9cifiquement juridiques, les t\u00e9moignages sur les arrestations, les demandes d&rsquo;avocat, vous pouvez contacter la D\u00e9fense Collective Strasbourg ici :<\/p>\n<p style=\"text-align: center\"><a href=\"https:\/\/www.facebook.com\/defensecollectivestrasbourg\">https:\/\/www.facebook.com\/defensecollectivestrasbourg<\/a><\/p>\n<p style=\"text-align: center\"><a href=\"https:\/\/defensecollectivestrasbourg.wordpress.com\/\">https:\/\/defensecollectivestrasbourg.wordpress.com\/<\/a><\/p>\n<p style=\"text-align: center\"><strong>dcs &#8211; arobase &#8211; <span class=\"skimlinks-unlinked\">riseup.net<\/span><\/strong><\/p>\n","protected":false},"excerpt":{"rendered":"<p>Contactez-nous pour nous signaler les cas connus de proc\u00e8s, de frais de justice, etc. retenus contre les personnes dans le cadre du mouvement social contre la Loi Travail. Par ailleurs, nous avons toujours besoin de monde et de contacts : &hellip; <a href=\"https:\/\/solidarite67.noblogs.org\/?page_id=6\">Continuer la lecture <span class=\"meta-nav\">&rarr;<\/span><\/a><\/p>\n","protected":false},"author":10723,"featured_media":0,"parent":0,"menu_order":3,"comment_status":"closed","ping_status":"closed","template":"","meta":{"footnotes":""},"class_list":["post-6","page","type-page","status-publish","hentry"],"_links":{"self":[{"href":"https:\/\/solidarite67.noblogs.org\/index.php?rest_route=\/wp\/v2\/pages\/6","targetHints":{"allow":["GET"]}}],"collection":[{"href":"https:\/\/solidarite67.noblogs.org\/index.php?rest_route=\/wp\/v2\/pages"}],"about":[{"href":"https:\/\/solidarite67.noblogs.org\/index.php?rest_route=\/wp\/v2\/types\/page"}],"author":[{"embeddable":true,"href":"https:\/\/solidarite67.noblogs.org\/index.php?rest_route=\/wp\/v2\/users\/10723"}],"replies":[{"embeddable":true,"href":"https:\/\/solidarite67.noblogs.org\/index.php?rest_route=%2Fwp%2Fv2%2Fcomments&post=6"}],"version-history":[{"count":14,"href":"https:\/\/solidarite67.noblogs.org\/index.php?rest_route=\/wp\/v2\/pages\/6\/revisions"}],"predecessor-version":[{"id":354,"href":"https:\/\/solidarite67.noblogs.org\/index.php?rest_route=\/wp\/v2\/pages\/6\/revisions\/354"}],"wp:attachment":[{"href":"https:\/\/solidarite67.noblogs.org\/index.php?rest_route=%2Fwp%2Fv2%2Fmedia&parent=6"}],"curies":[{"name":"wp","href":"https:\/\/api.w.org\/{rel}","templated":true}]}}