{"id":70,"date":"2016-04-25T16:41:25","date_gmt":"2016-04-25T14:41:25","guid":{"rendered":"http:\/\/solidarite67.noblogs.org\/?page_id=70"},"modified":"2016-07-09T08:08:14","modified_gmt":"2016-07-09T06:08:14","slug":"faire-un-don","status":"publish","type":"page","link":"https:\/\/solidarite67.noblogs.org\/?page_id=70","title":{"rendered":"Faire un don"},"content":{"rendered":"<p style=\"text-align: justify\"><a href=\"https:\/\/www.lepotcommun.fr\/pot\/vgocl5ke\"><img loading=\"lazy\" decoding=\"async\" class=\"aligncenter size-full wp-image-337\" src=\"https:\/\/solidarite67.noblogs.org\/files\/2016\/07\/bouton-faire-un-don-en-ligne.png\" alt=\"bouton-faire-un-don-en-ligne\" width=\"137\" height=\"109\" \/><\/a>Vous pouvez \u00e9galement trouver des d\u00e9p\u00f4ts de la Caisse de Solidarit\u00e9 aux endroits suivants (nous sommes toujours en recherche de lieux de d\u00e9p\u00f4ts, <a href=\"https:\/\/solidarite67.noblogs.org\/?page_id=6\">contactez-nous<\/a> si vous voulez en proposer un nouveau) ainsi, probablement, qu&rsquo;aux manifestations ou aux Assembl\u00e9es G\u00e9n\u00e9rales :<\/p>\n<ul>\n<li style=\"text-align: justify\">Lundi de 16h \u00e0 19h : <a href=\"http:\/\/www.ulcgtstrasbourg.fr\/\" target=\"_blank\">Union Locale de la CGT Strasbourg<\/a>, 6 rue Georges Wodli, Strasbourg.<\/li>\n<li style=\"text-align: justify\">Aux <a href=\"http:\/\/cemea-alsace.fr\/\" target=\"_blank\">C\u00e9m\u00e9as Alsace<\/a> (demandez C\u00e9line), 22 rue de la broque, Strasbourg.<\/li>\n<li style=\"text-align: justify\">Le <a href=\"https:\/\/fr-fr.facebook.com\/dominosbarlemberg\" target=\"_blank\">Domino&rsquo;s Bar<\/a>, 2 rue du lotissement, Lemberg.<\/li>\n<\/ul>\n<p>Il est aussi possible d&rsquo;envoyer de l&rsquo;argent, <strong>en liquide<\/strong>, \u00e0 l&rsquo;adresse suivante (merci \u00e0 l&rsquo;ATMF) :<\/p>\n<p style=\"text-align: center\"><strong>ATMF \u2013 Caisse de Solidarit\u00e9<\/strong><br \/>\n<strong> 44 Route de Schirmeck<\/strong><br \/>\n<strong>67200 Strasbourg<\/strong><\/p>\n<p style=\"text-align: center\"><a href=\"https:\/\/solidarite67.noblogs.org\/files\/2016\/04\/20160424_161141.jpg\"><img loading=\"lazy\" decoding=\"async\" class=\"aligncenter size-full wp-image-107\" src=\"https:\/\/solidarite67.noblogs.org\/files\/2016\/04\/20160424_161141.jpg\" alt=\"20160424_161141\" width=\"599\" height=\"366\" srcset=\"https:\/\/solidarite67.noblogs.org\/files\/2016\/04\/20160424_161141.jpg 599w, https:\/\/solidarite67.noblogs.org\/files\/2016\/04\/20160424_161141-300x183.jpg 300w\" sizes=\"auto, (max-width: 599px) 100vw, 599px\" \/><\/a><\/p>\n<p style=\"text-align: justify\">Ou d&rsquo;acheter (et demander en d\u00e9p\u00f4t) des d\u00e9licieuses confitures \u00ab\u00a0Solidarit\u00e9 pur fruit\u00a0\u00bb fraise-rhubarbe (\u00e0 partir de 5 euros le pot).<\/p>\n<p style=\"text-align: justify\"><img loading=\"lazy\" decoding=\"async\" class=\"aligncenter size-medium wp-image-317\" src=\"https:\/\/solidarite67.noblogs.org\/files\/2016\/06\/Sans-titre-225x300.png\" alt=\"Solidarit\u00e9 pur fruit\" width=\"225\" height=\"300\" srcset=\"https:\/\/solidarite67.noblogs.org\/files\/2016\/06\/Sans-titre-225x300.png 225w, https:\/\/solidarite67.noblogs.org\/files\/2016\/06\/Sans-titre.png 468w\" sizes=\"auto, (max-width: 225px) 100vw, 225px\" \/><\/p>\n","protected":false},"excerpt":{"rendered":"<p>Vous pouvez \u00e9galement trouver des d\u00e9p\u00f4ts de la Caisse de Solidarit\u00e9 aux endroits suivants (nous sommes toujours en recherche de lieux de d\u00e9p\u00f4ts, contactez-nous si vous voulez en proposer un nouveau) ainsi, probablement, qu&rsquo;aux manifestations ou aux Assembl\u00e9es G\u00e9n\u00e9rales : &hellip; <a href=\"https:\/\/solidarite67.noblogs.org\/?page_id=70\">Continuer la lecture <span class=\"meta-nav\">&rarr;<\/span><\/a><\/p>\n","protected":false},"author":10723,"featured_media":0,"parent":0,"menu_order":1,"comment_status":"closed","ping_status":"closed","template":"","meta":{"footnotes":""},"class_list":["post-70","page","type-page","status-publish","hentry"],"_links":{"self":[{"href":"https:\/\/solidarite67.noblogs.org\/index.php?rest_route=\/wp\/v2\/pages\/70","targetHints":{"allow":["GET"]}}],"collection":[{"href":"https:\/\/solidarite67.noblogs.org\/index.php?rest_route=\/wp\/v2\/pages"}],"about":[{"href":"https:\/\/solidarite67.noblogs.org\/index.php?rest_route=\/wp\/v2\/types\/page"}],"author":[{"embeddable":true,"href":"https:\/\/solidarite67.noblogs.org\/index.php?rest_route=\/wp\/v2\/users\/10723"}],"replies":[{"embeddable":true,"href":"https:\/\/solidarite67.noblogs.org\/index.php?rest_route=%2Fwp%2Fv2%2Fcomments&post=70"}],"version-history":[{"count":12,"href":"https:\/\/solidarite67.noblogs.org\/index.php?rest_route=\/wp\/v2\/pages\/70\/revisions"}],"predecessor-version":[{"id":353,"href":"https:\/\/solidarite67.noblogs.org\/index.php?rest_route=\/wp\/v2\/pages\/70\/revisions\/353"}],"wp:attachment":[{"href":"https:\/\/solidarite67.noblogs.org\/index.php?rest_route=%2Fwp%2Fv2%2Fmedia&parent=70"}],"curies":[{"name":"wp","href":"https:\/\/api.w.org\/{rel}","templated":true}]}}